{"id":181,"date":"2026-02-02T09:23:46","date_gmt":"2026-02-02T14:23:46","guid":{"rendered":"https:\/\/casapolska.com\/reservas\/?post_type=product&#038;p=181"},"modified":"2026-02-02T10:35:04","modified_gmt":"2026-02-02T15:35:04","slug":"repelente-liquido-contra-mosquitos-y-zancudos","status":"publish","type":"product","link":"https:\/\/casapolska.com\/reservas\/p\/repelente-liquido-contra-mosquitos-y-zancudos\/","title":{"rendered":"Repelente L\u00edquido contra Mosquitos y Zancudos 1 Ud"},"content":{"rendered":"<p data-start=\"598\" data-end=\"866\">Vive la experiencia de la naturaleza sin interrupciones durante tu estad\u00eda en <strong data-start=\"676\" data-end=\"691\">Casa Polska<\/strong>.<br data-start=\"692\" data-end=\"695\" \/>Nuestro <strong data-start=\"703\" data-end=\"752\">repelente l\u00edquido contra mosquitos y zancudos<\/strong> est\u00e1 pensado para protegerte especialmente en <strong data-start=\"799\" data-end=\"817\">temporada alta<\/strong>, cuando el entorno natural se hace m\u00e1s presente.<\/p>\n<p data-start=\"868\" data-end=\"1104\">No necesitas traerlo contigo ni preocuparte por comprarlo antes de llegar. Este producto est\u00e1 disponible directamente en nuestro alojamiento, para que disfrutes de <strong data-start=\"1032\" data-end=\"1103\">noches tranquilas, reuniones al aire libre y descanso sin molestias<\/strong>.<\/p>\n<p data-start=\"1106\" data-end=\"1233\">Porque en una casa de campo la naturaleza marca el ritmo, nosotros nos encargamos de que tu experiencia sea c\u00f3moda y agradable.<\/p>\n<h3 data-start=\"1235\" data-end=\"1253\">\ud83c\udf3f Ideal para:<\/h3>\n<ul data-start=\"1254\" data-end=\"1388\">\n<li data-start=\"1254\" data-end=\"1298\">\n<p data-start=\"1256\" data-end=\"1298\">Temporadas de mayor presencia de mosquitos<\/p>\n<\/li>\n<li data-start=\"1299\" data-end=\"1321\">\n<p data-start=\"1301\" data-end=\"1321\">Noches al aire libre<\/p>\n<\/li>\n<li data-start=\"1322\" data-end=\"1358\">\n<p data-start=\"1324\" data-end=\"1358\">Reuniones familiares y parrilladas<\/p>\n<\/li>\n<li data-start=\"1359\" data-end=\"1388\">\n<p data-start=\"1361\" data-end=\"1388\">Descanso sin interrupciones<\/p>\n<\/li>\n<\/ul>\n<h3 data-start=\"1390\" data-end=\"1423\">\u2705 Beneficios para el hu\u00e9sped:<\/h3>\n<ul>\n<li data-start=\"1424\" data-end=\"1471\">\n<p data-start=\"1426\" data-end=\"1471\">Protecci\u00f3n eficaz contra mosquitos y zancudos<\/p>\n<\/li>\n<li data-start=\"1472\" data-end=\"1514\">\n<p data-start=\"1474\" data-end=\"1514\">Presentaci\u00f3n l\u00edquida de f\u00e1cil aplicaci\u00f3n<\/p>\n<\/li>\n<li data-start=\"1515\" data-end=\"1555\">\n<p data-start=\"1517\" data-end=\"1555\">Evita incomodidades durante tu estad\u00eda<\/p>\n<\/li>\n<li data-start=\"1556\" data-end=\"1602\">\n<p data-start=\"1558\" data-end=\"1602\">Disponible exclusivamente en <strong data-start=\"1587\" data-end=\"1602\">Casa Polska<\/strong><\/p>\n<\/li>\n<li data-start=\"1603\" data-end=\"1638\">\n<p data-start=\"1605\" data-end=\"1638\">M\u00e1s confort, menos preocupaciones<\/p>\n<\/li>\n<\/ul>\n<p data-start=\"1605\" data-end=\"1638\"><strong>Caracter\u00edsticas del producto.<\/strong><\/p>\n<ul>\n<li>Con DEET 15%<\/li>\n<li>Con FPS 15 por lo que protege la piel de los UVA\/UVB<\/li>\n<li>F\u00f3rmula libre de parabenos<\/li>\n<\/ul>\n<p data-start=\"1640\" data-end=\"1726\">\ud83d\udc49 <strong data-start=\"1643\" data-end=\"1726\">Agrega el repelente a tu reserva y disfruta Casa Polska con total tranquilidad.<\/strong><\/p>\n","protected":false},"excerpt":{"rendered":"<p>Repelente l\u00edquido ideal para protegerte de mosquitos y zancudos durante tu estad\u00eda en Casa Polska. Evita molestias en temporada alta y disfruta la naturaleza con total tranquilidad.<\/p>\n","protected":false},"featured_media":186,"comment_status":"open","ping_status":"closed","template":"","meta":[],"product_brand":[],"product_cat":[17],"product_tag":[],"class_list":{"0":"post-181","1":"product","2":"type-product","3":"status-publish","4":"has-post-thumbnail","6":"product_cat-extras-para-tu-estadia","8":"first","9":"instock","10":"virtual","11":"taxable","12":"purchasable","13":"product-type-simple"},"_links":{"self":[{"href":"https:\/\/casapolska.com\/reservas\/wp-json\/wp\/v2\/product\/181","targetHints":{"allow":["GET"]}}],"collection":[{"href":"https:\/\/casapolska.com\/reservas\/wp-json\/wp\/v2\/product"}],"about":[{"href":"https:\/\/casapolska.com\/reservas\/wp-json\/wp\/v2\/types\/product"}],"replies":[{"embeddable":true,"href":"https:\/\/casapolska.com\/reservas\/wp-json\/wp\/v2\/comments?post=181"}],"wp:featuredmedia":[{"embeddable":true,"href":"https:\/\/casapolska.com\/reservas\/wp-json\/wp\/v2\/media\/186"}],"wp:attachment":[{"href":"https:\/\/casapolska.com\/reservas\/wp-json\/wp\/v2\/media?parent=181"}],"wp:term":[{"taxonomy":"product_brand","embeddable":true,"href":"https:\/\/casapolska.com\/reservas\/wp-json\/wp\/v2\/product_brand?post=181"},{"taxonomy":"product_cat","embeddable":true,"href":"https:\/\/casapolska.com\/reservas\/wp-json\/wp\/v2\/product_cat?post=181"},{"taxonomy":"product_tag","embeddable":true,"href":"https:\/\/casapolska.com\/reservas\/wp-json\/wp\/v2\/product_tag?post=181"}],"curies":[{"name":"wp","href":"https:\/\/api.w.org\/{rel}","templated":true}]}}