{"id":92,"date":"2025-02-07T15:49:03","date_gmt":"2025-02-07T14:49:03","guid":{"rendered":"https:\/\/casapolska.com\/empresas\/?page_id=92"},"modified":"2025-02-10T15:35:43","modified_gmt":"2025-02-10T14:35:43","slug":"servicio-de-alojamiento-en-casa-polska","status":"publish","type":"page","link":"https:\/\/casapolska.com\/empresas\/servicio-de-alojamiento-en-casa-polska\/","title":{"rendered":"Servicio de Alojamiento en Casa Polska"},"content":{"rendered":"\n<div class=\"wp-block-columns is-layout-flex wp-container-core-columns-is-layout-9d6595d7 wp-block-columns-is-layout-flex\">\n<div class=\"wp-block-column is-layout-flow wp-block-column-is-layout-flow\">\n<p>Casa Polska ofrece un hospedaje acogedor y c\u00f3modo para hasta <strong>6 personas<\/strong>, con <strong>6 habitaciones disponibles<\/strong>. Cada habitaci\u00f3n est\u00e1 equipada con una <strong>cama individual<\/strong>, s\u00e1banas limpias, almohada y una manta para mayor confort. Adem\u00e1s, cuenta con:<\/p>\n\n\n\n<p>\u2705 <strong>Enchufe<\/strong> para cargar dispositivos electr\u00f3nicos.<br>\u2705 <strong>Mesa peque\u00f1a<\/strong> para mayor comodidad.<br>\u2705 <strong>Estante<\/strong> para organizar la ropa.<br>\u2705 <strong>Ventana<\/strong> para una adecuada ventilaci\u00f3n y luz natural.<\/p>\n\n\n\n<p>Todas las habitaciones son <strong>independientes<\/strong>, aunque no cuentan con ba\u00f1o privado. Se recomienda visitar el alojamiento antes de reservar si este aspecto es un requisito esencial para su estad\u00eda.<\/p>\n\n\n\n<h3 class=\"wp-block-heading\"><strong>Servicios Incluidos<\/strong><\/h3>\n\n\n\n<p>\ud83c\udfe1 <strong>WiFi de alta velocidad<\/strong> para mantenerse conectado.<br>\ud83d\udd10 <strong>Seguridad garantizada<\/strong>, con especial cuidado de sus pertenencias personales.<br>\ud83e\uddf9 <strong>Limpieza b\u00e1sica diaria<\/strong> para un ambiente agradable.<\/p>\n\n\n\n<h3 class=\"wp-block-heading\"><strong>Estacionamiento Gratuito<\/strong><\/h3>\n\n\n\n<p>Como beneficio adicional, ofrecemos <strong>estacionamiento gratuito<\/strong> para <strong>1 veh\u00edculo est\u00e1ndar<\/strong> de uso privado. <strong>No se aceptan veh\u00edculos de carga pesada ni aquellos que superen los 4 metros de altura o ancho.<\/strong><\/p>\n<\/div>\n\n\n\n<div class=\"wp-block-column is-layout-flow wp-block-column-is-layout-flow\">\n<figure class=\"wp-block-gallery has-nested-images columns-default is-cropped wp-block-gallery-1 is-layout-flex wp-block-gallery-is-layout-flex\">\n<figure class=\"wp-block-image size-large\"><img loading=\"lazy\" decoding=\"async\" width=\"768\" height=\"1024\" data-id=\"100\" src=\"https:\/\/casapolska.com\/empresas\/wp-content\/uploads\/sites\/5\/2025\/02\/habitacion-1-768x1024.jpg\" alt=\"\" class=\"wp-image-100\" srcset=\"https:\/\/casapolska.com\/empresas\/wp-content\/uploads\/sites\/5\/2025\/02\/habitacion-1-768x1024.jpg 768w, https:\/\/casapolska.com\/empresas\/wp-content\/uploads\/sites\/5\/2025\/02\/habitacion-1-225x300.jpg 225w, https:\/\/casapolska.com\/empresas\/wp-content\/uploads\/sites\/5\/2025\/02\/habitacion-1-1152x1536.jpg 1152w, https:\/\/casapolska.com\/empresas\/wp-content\/uploads\/sites\/5\/2025\/02\/habitacion-1-1536x2048.jpg 1536w, https:\/\/casapolska.com\/empresas\/wp-content\/uploads\/sites\/5\/2025\/02\/habitacion-1-scaled.jpg 1920w\" sizes=\"auto, (max-width: 768px) 100vw, 768px\" \/><\/figure>\n\n\n\n<figure class=\"wp-block-image size-large\"><img loading=\"lazy\" decoding=\"async\" width=\"768\" height=\"1024\" data-id=\"101\" src=\"http:\/\/casapolska.com\/empresas\/wp-content\/uploads\/sites\/5\/2025\/02\/habitacion-2-1-768x1024.jpg\" alt=\"\" class=\"wp-image-101\" srcset=\"https:\/\/casapolska.com\/empresas\/wp-content\/uploads\/sites\/5\/2025\/02\/habitacion-2-1-768x1024.jpg 768w, https:\/\/casapolska.com\/empresas\/wp-content\/uploads\/sites\/5\/2025\/02\/habitacion-2-1-225x300.jpg 225w, https:\/\/casapolska.com\/empresas\/wp-content\/uploads\/sites\/5\/2025\/02\/habitacion-2-1-1152x1536.jpg 1152w, https:\/\/casapolska.com\/empresas\/wp-content\/uploads\/sites\/5\/2025\/02\/habitacion-2-1-1536x2048.jpg 1536w, https:\/\/casapolska.com\/empresas\/wp-content\/uploads\/sites\/5\/2025\/02\/habitacion-2-1-scaled.jpg 1920w\" sizes=\"auto, (max-width: 768px) 100vw, 768px\" \/><\/figure>\n\n\n\n<figure class=\"wp-block-image size-large\"><img loading=\"lazy\" decoding=\"async\" width=\"768\" height=\"1024\" data-id=\"95\" src=\"https:\/\/casapolska.com\/empresas\/wp-content\/uploads\/sites\/5\/2025\/02\/IMG_3064-768x1024.jpeg\" alt=\"\" class=\"wp-image-95\" srcset=\"https:\/\/casapolska.com\/empresas\/wp-content\/uploads\/sites\/5\/2025\/02\/IMG_3064-768x1024.jpeg 768w, https:\/\/casapolska.com\/empresas\/wp-content\/uploads\/sites\/5\/2025\/02\/IMG_3064-225x300.jpeg 225w, https:\/\/casapolska.com\/empresas\/wp-content\/uploads\/sites\/5\/2025\/02\/IMG_3064-1152x1536.jpeg 1152w, https:\/\/casapolska.com\/empresas\/wp-content\/uploads\/sites\/5\/2025\/02\/IMG_3064.jpeg 1536w\" sizes=\"auto, (max-width: 768px) 100vw, 768px\" \/><\/figure>\n<\/figure>\n\n\n\n<figure class=\"wp-block-gallery has-nested-images columns-default is-cropped wp-block-gallery-2 is-layout-flex wp-block-gallery-is-layout-flex\">\n<figure class=\"wp-block-image size-large\"><img loading=\"lazy\" decoding=\"async\" width=\"768\" height=\"1024\" data-id=\"104\" src=\"https:\/\/casapolska.com\/empresas\/wp-content\/uploads\/sites\/5\/2025\/02\/cama-5-768x1024.jpg\" alt=\"\" class=\"wp-image-104\" srcset=\"https:\/\/casapolska.com\/empresas\/wp-content\/uploads\/sites\/5\/2025\/02\/cama-5-768x1024.jpg 768w, https:\/\/casapolska.com\/empresas\/wp-content\/uploads\/sites\/5\/2025\/02\/cama-5-225x300.jpg 225w, https:\/\/casapolska.com\/empresas\/wp-content\/uploads\/sites\/5\/2025\/02\/cama-5-1152x1536.jpg 1152w, https:\/\/casapolska.com\/empresas\/wp-content\/uploads\/sites\/5\/2025\/02\/cama-5-1536x2048.jpg 1536w, https:\/\/casapolska.com\/empresas\/wp-content\/uploads\/sites\/5\/2025\/02\/cama-5-scaled.jpg 1920w\" sizes=\"auto, (max-width: 768px) 100vw, 768px\" \/><\/figure>\n\n\n\n<figure class=\"wp-block-image size-large\"><img loading=\"lazy\" decoding=\"async\" width=\"768\" height=\"1024\" data-id=\"105\" src=\"https:\/\/casapolska.com\/empresas\/wp-content\/uploads\/sites\/5\/2025\/02\/cama-6-768x1024.jpg\" alt=\"\" class=\"wp-image-105\" srcset=\"https:\/\/casapolska.com\/empresas\/wp-content\/uploads\/sites\/5\/2025\/02\/cama-6-768x1024.jpg 768w, https:\/\/casapolska.com\/empresas\/wp-content\/uploads\/sites\/5\/2025\/02\/cama-6-225x300.jpg 225w, https:\/\/casapolska.com\/empresas\/wp-content\/uploads\/sites\/5\/2025\/02\/cama-6-1152x1536.jpg 1152w, https:\/\/casapolska.com\/empresas\/wp-content\/uploads\/sites\/5\/2025\/02\/cama-6-1536x2048.jpg 1536w, https:\/\/casapolska.com\/empresas\/wp-content\/uploads\/sites\/5\/2025\/02\/cama-6-scaled.jpg 1920w\" sizes=\"auto, (max-width: 768px) 100vw, 768px\" \/><\/figure>\n\n\n\n<figure class=\"wp-block-image size-large\"><img loading=\"lazy\" decoding=\"async\" width=\"768\" height=\"1024\" data-id=\"106\" src=\"https:\/\/casapolska.com\/empresas\/wp-content\/uploads\/sites\/5\/2025\/02\/cama-3-768x1024.jpg\" alt=\"\" class=\"wp-image-106\" srcset=\"https:\/\/casapolska.com\/empresas\/wp-content\/uploads\/sites\/5\/2025\/02\/cama-3-768x1024.jpg 768w, https:\/\/casapolska.com\/empresas\/wp-content\/uploads\/sites\/5\/2025\/02\/cama-3-225x300.jpg 225w, https:\/\/casapolska.com\/empresas\/wp-content\/uploads\/sites\/5\/2025\/02\/cama-3-1152x1536.jpg 1152w, https:\/\/casapolska.com\/empresas\/wp-content\/uploads\/sites\/5\/2025\/02\/cama-3-1536x2048.jpg 1536w, https:\/\/casapolska.com\/empresas\/wp-content\/uploads\/sites\/5\/2025\/02\/cama-3-scaled.jpg 1920w\" sizes=\"auto, (max-width: 768px) 100vw, 768px\" \/><\/figure>\n<\/figure>\n\n\n\n<div style=\"height:27px\" aria-hidden=\"true\" class=\"wp-block-spacer\"><\/div>\n\n\n\n<p class=\"has-small-font-size\"><strong>Importante: Art\u00edculos personales<\/strong>: Para su comodidad, les pedimos traer sus propios art\u00edculos de aseo personal, como:<\/p>\n\n\n\n<ul class=\"wp-block-list\">\n<li class=\"has-small-font-size\">Toallas de ba\u00f1o y rostro<\/li>\n\n\n\n<li class=\"has-small-font-size\">Champ\u00fa, acondicionador y jab\u00f3n<\/li>\n\n\n\n<li class=\"has-small-font-size\">Cepillo y pasta dental<\/li>\n\n\n\n<li class=\"has-small-font-size\">Otros productos de cuidado personal que necesiten durante su estad\u00eda<\/li>\n<\/ul>\n\n\n\n<p class=\"has-small-font-size\">\ud83d\udea8 <strong>Muy importante en verano (diciembre &#8211; marzo):<\/strong><br>Les recomendamos <strong>traer repelente para mosquitos y zancudos<\/strong>, ya que en esta temporada el clima c\u00e1lido y la naturaleza pueden aumentar su presencia. Esto garantizar\u00e1 una estad\u00eda m\u00e1s c\u00f3moda y sin molestias.<\/p>\n\n\n\n<p class=\"has-small-font-size\">Agradecemos su comprensi\u00f3n y esperamos que disfruten de una experiencia placentera en Casa Polska.<\/p>\n<\/div>\n<\/div>\n","protected":false},"excerpt":{"rendered":"<p>Casa Polska ofrece un hospedaje acogedor y c\u00f3modo para hasta 6 personas, con 6 habitaciones disponibles. Cada habitaci\u00f3n est\u00e1 equipada con una cama individual, s\u00e1banas limpias, almohada y una manta para mayor confort. Adem\u00e1s, cuenta con: \u2705 Enchufe para cargar dispositivos electr\u00f3nicos.\u2705 Mesa peque\u00f1a para mayor comodidad.\u2705 Estante para organizar la ropa.\u2705 Ventana para una [&hellip;]<\/p>\n","protected":false},"author":1,"featured_media":43,"parent":0,"menu_order":0,"comment_status":"closed","ping_status":"closed","template":"","meta":{"footnotes":""},"class_list":["post-92","page","type-page","status-publish","has-post-thumbnail","hentry"],"_links":{"self":[{"href":"https:\/\/casapolska.com\/empresas\/wp-json\/wp\/v2\/pages\/92","targetHints":{"allow":["GET"]}}],"collection":[{"href":"https:\/\/casapolska.com\/empresas\/wp-json\/wp\/v2\/pages"}],"about":[{"href":"https:\/\/casapolska.com\/empresas\/wp-json\/wp\/v2\/types\/page"}],"author":[{"embeddable":true,"href":"https:\/\/casapolska.com\/empresas\/wp-json\/wp\/v2\/users\/1"}],"replies":[{"embeddable":true,"href":"https:\/\/casapolska.com\/empresas\/wp-json\/wp\/v2\/comments?post=92"}],"version-history":[{"count":7,"href":"https:\/\/casapolska.com\/empresas\/wp-json\/wp\/v2\/pages\/92\/revisions"}],"predecessor-version":[{"id":163,"href":"https:\/\/casapolska.com\/empresas\/wp-json\/wp\/v2\/pages\/92\/revisions\/163"}],"wp:featuredmedia":[{"embeddable":true,"href":"https:\/\/casapolska.com\/empresas\/wp-json\/wp\/v2\/media\/43"}],"wp:attachment":[{"href":"https:\/\/casapolska.com\/empresas\/wp-json\/wp\/v2\/media?parent=92"}],"curies":[{"name":"wp","href":"https:\/\/api.w.org\/{rel}","templated":true}]}}