{"id":157,"date":"2025-02-10T14:43:00","date_gmt":"2025-02-10T13:43:00","guid":{"rendered":"https:\/\/casapolska.com\/empresas\/?page_id=157"},"modified":"2025-02-10T14:43:59","modified_gmt":"2025-02-10T13:43:59","slug":"condiciones-de-horarios","status":"publish","type":"page","link":"https:\/\/casapolska.com\/empresas\/condiciones-de-horarios\/","title":{"rendered":"Condiciones de Horarios"},"content":{"rendered":"\n<div class=\"wp-block-columns is-layout-flex wp-container-core-columns-is-layout-9d6595d7 wp-block-columns-is-layout-flex\">\n<div class=\"wp-block-column is-layout-flow wp-block-column-is-layout-flow\">\n<p>El ingreso a nuestra casa de campo, especialmente en horario nocturno, est\u00e1 permitido entre<strong> las 6:00 p.m. y las 8:00 p.m.<\/strong> como m\u00e1ximo. En caso de que un equipo de trabajo se retrase, es imprescindible notificarlo con suficiente anticipaci\u00f3n o informar sobre su llegada tard\u00eda. Esto nos permite coordinar adecuadamente y garantizar un ingreso sin inconvenientes.<\/p>\n\n\n\n<p>No obstante, recomendamos respetar estrictamente el horario establecido para evitar contratiempos y asegurar una mejor experiencia para todos.<\/p>\n<\/div>\n\n\n\n<div class=\"wp-block-column is-layout-flow wp-block-column-is-layout-flow\"><div class=\"wp-block-image\">\n<figure class=\"aligncenter size-large is-resized\"><img loading=\"lazy\" decoding=\"async\" width=\"768\" height=\"1024\" src=\"http:\/\/casapolska.com\/empresas\/wp-content\/uploads\/sites\/5\/2025\/02\/IMG_4026-768x1024.jpeg\" alt=\"\" class=\"wp-image-99\" style=\"width:281px;height:auto\" srcset=\"https:\/\/casapolska.com\/empresas\/wp-content\/uploads\/sites\/5\/2025\/02\/IMG_4026-768x1024.jpeg 768w, https:\/\/casapolska.com\/empresas\/wp-content\/uploads\/sites\/5\/2025\/02\/IMG_4026-225x300.jpeg 225w, https:\/\/casapolska.com\/empresas\/wp-content\/uploads\/sites\/5\/2025\/02\/IMG_4026-1152x1536.jpeg 1152w, https:\/\/casapolska.com\/empresas\/wp-content\/uploads\/sites\/5\/2025\/02\/IMG_4026.jpeg 1536w\" sizes=\"auto, (max-width: 768px) 100vw, 768px\" \/><\/figure>\n<\/div><\/div>\n<\/div>\n","protected":false},"excerpt":{"rendered":"<p>El ingreso a nuestra casa de campo, especialmente en horario nocturno, est\u00e1 permitido entre las 6:00 p.m. y las 8:00 p.m. como m\u00e1ximo. En caso de que un equipo de trabajo se retrase, es imprescindible notificarlo con suficiente anticipaci\u00f3n o informar sobre su llegada tard\u00eda. Esto nos permite coordinar adecuadamente y garantizar un ingreso sin [&hellip;]<\/p>\n","protected":false},"author":1,"featured_media":15,"parent":0,"menu_order":0,"comment_status":"closed","ping_status":"closed","template":"","meta":{"footnotes":""},"class_list":["post-157","page","type-page","status-publish","has-post-thumbnail","hentry"],"_links":{"self":[{"href":"https:\/\/casapolska.com\/empresas\/wp-json\/wp\/v2\/pages\/157","targetHints":{"allow":["GET"]}}],"collection":[{"href":"https:\/\/casapolska.com\/empresas\/wp-json\/wp\/v2\/pages"}],"about":[{"href":"https:\/\/casapolska.com\/empresas\/wp-json\/wp\/v2\/types\/page"}],"author":[{"embeddable":true,"href":"https:\/\/casapolska.com\/empresas\/wp-json\/wp\/v2\/users\/1"}],"replies":[{"embeddable":true,"href":"https:\/\/casapolska.com\/empresas\/wp-json\/wp\/v2\/comments?post=157"}],"version-history":[{"count":2,"href":"https:\/\/casapolska.com\/empresas\/wp-json\/wp\/v2\/pages\/157\/revisions"}],"predecessor-version":[{"id":160,"href":"https:\/\/casapolska.com\/empresas\/wp-json\/wp\/v2\/pages\/157\/revisions\/160"}],"wp:featuredmedia":[{"embeddable":true,"href":"https:\/\/casapolska.com\/empresas\/wp-json\/wp\/v2\/media\/15"}],"wp:attachment":[{"href":"https:\/\/casapolska.com\/empresas\/wp-json\/wp\/v2\/media?parent=157"}],"curies":[{"name":"wp","href":"https:\/\/api.w.org\/{rel}","templated":true}]}}