{"id":116,"date":"2025-02-07T18:50:40","date_gmt":"2025-02-07T17:50:40","guid":{"rendered":"https:\/\/casapolska.com\/empresas\/?page_id=116"},"modified":"2025-02-07T21:25:27","modified_gmt":"2025-02-07T20:25:27","slug":"servicio-de-comida","status":"publish","type":"page","link":"https:\/\/casapolska.com\/empresas\/servicio-de-comida\/","title":{"rendered":"Servicio de Comida"},"content":{"rendered":"\n<div class=\"wp-block-columns is-layout-flex wp-container-core-columns-is-layout-9d6595d7 wp-block-columns-is-layout-flex\">\n<div class=\"wp-block-column is-layout-flow wp-block-column-is-layout-flow\">\n<p>Casa Polska ofrece un servicio de alimentaci\u00f3n completo para <strong>hasta 6 personas<\/strong>, incluyendo <strong>desayuno, almuerzo y cena<\/strong>.<\/p>\n\n\n\n<h3 class=\"wp-block-heading\"><strong>Condiciones del Servicio<\/strong><\/h3>\n\n\n\n<p>\u2705 <strong>M\u00ednimo 3 personas por d\u00eda<\/strong> para contratar el servicio.<br>\u2705 Es obligatorio elegir al menos <strong>2 comidas diarias<\/strong> (desayuno, almuerzo o cena).<\/p>\n\n\n\n<h3 class=\"wp-block-heading\"><strong>Men\u00fa y Precios<\/strong><\/h3>\n\n\n\n<p>\ud83c\udf7d\ufe0f <strong>Desayuno:<\/strong> S\/ 15 por persona.<br>\ud83c\udf7d\ufe0f <strong>Almuerzo:<\/strong> S\/ 15 por persona.<br>\ud83c\udf7d\ufe0f <strong>Cena:<\/strong> S\/ 15 por persona.<\/p>\n\n\n\n<h3 class=\"wp-block-heading\"><strong>Detalles Importantes<\/strong><\/h3>\n\n\n\n<p>\ud83d\udd39 La comida se prepara con ingredientes frescos y locales, siguiendo tradiciones de la zona.<br>\ud83d\udd39 <strong>No se aceptan modificaciones ni pedidos especiales<\/strong>, ya que Casa Polska no es un restaurante, sino un alojamiento con servicio de alimentaci\u00f3n previamente pactado.<br>\ud83d\udd39 Si un hu\u00e9sped desea un plato fuera del men\u00fa acordado, se aplicar\u00e1 un <strong>costo adicional<\/strong>. Solo se atender\u00e1n pedidos especiales previo pago.<\/p>\n\n\n\n<p>\u00a1Disfruta de una alimentaci\u00f3n casera y sin preocupaciones en Casa Polska! \ud83d\ude0a\ud83c\udf7d\ufe0f<\/p>\n<\/div>\n\n\n\n<div class=\"wp-block-column is-layout-flow wp-block-column-is-layout-flow\">\n<figure class=\"wp-block-gallery has-nested-images columns-default is-cropped wp-block-gallery-1 is-layout-flex wp-block-gallery-is-layout-flex\">\n<figure class=\"wp-block-image size-large\"><img loading=\"lazy\" decoding=\"async\" width=\"768\" height=\"1024\" data-id=\"121\" src=\"http:\/\/casapolska.com\/empresas\/wp-content\/uploads\/sites\/5\/2025\/02\/chilcano-768x1024.jpg\" alt=\"\" class=\"wp-image-121\" srcset=\"https:\/\/casapolska.com\/empresas\/wp-content\/uploads\/sites\/5\/2025\/02\/chilcano-768x1024.jpg 768w, https:\/\/casapolska.com\/empresas\/wp-content\/uploads\/sites\/5\/2025\/02\/chilcano-225x300.jpg 225w, https:\/\/casapolska.com\/empresas\/wp-content\/uploads\/sites\/5\/2025\/02\/chilcano-1152x1536.jpg 1152w, https:\/\/casapolska.com\/empresas\/wp-content\/uploads\/sites\/5\/2025\/02\/chilcano-1536x2048.jpg 1536w, https:\/\/casapolska.com\/empresas\/wp-content\/uploads\/sites\/5\/2025\/02\/chilcano-scaled.jpg 1920w\" sizes=\"auto, (max-width: 768px) 100vw, 768px\" \/><\/figure>\n\n\n\n<figure class=\"wp-block-image size-large\"><img loading=\"lazy\" decoding=\"async\" width=\"768\" height=\"1024\" data-id=\"118\" src=\"https:\/\/casapolska.com\/empresas\/wp-content\/uploads\/sites\/5\/2025\/02\/vaso-de-jugo-768x1024.jpg\" alt=\"\" class=\"wp-image-118\" srcset=\"https:\/\/casapolska.com\/empresas\/wp-content\/uploads\/sites\/5\/2025\/02\/vaso-de-jugo-768x1024.jpg 768w, https:\/\/casapolska.com\/empresas\/wp-content\/uploads\/sites\/5\/2025\/02\/vaso-de-jugo-225x300.jpg 225w, https:\/\/casapolska.com\/empresas\/wp-content\/uploads\/sites\/5\/2025\/02\/vaso-de-jugo-1152x1536.jpg 1152w, https:\/\/casapolska.com\/empresas\/wp-content\/uploads\/sites\/5\/2025\/02\/vaso-de-jugo-1536x2048.jpg 1536w, https:\/\/casapolska.com\/empresas\/wp-content\/uploads\/sites\/5\/2025\/02\/vaso-de-jugo-scaled.jpg 1920w\" sizes=\"auto, (max-width: 768px) 100vw, 768px\" \/><\/figure>\n<\/figure>\n<\/div>\n<\/div>\n","protected":false},"excerpt":{"rendered":"<p>Casa Polska ofrece un servicio de alimentaci\u00f3n completo para hasta 6 personas, incluyendo desayuno, almuerzo y cena. Condiciones del Servicio \u2705 M\u00ednimo 3 personas por d\u00eda para contratar el servicio.\u2705 Es obligatorio elegir al menos 2 comidas diarias (desayuno, almuerzo o cena). Men\u00fa y Precios \ud83c\udf7d\ufe0f Desayuno: S\/ 15 por persona.\ud83c\udf7d\ufe0f Almuerzo: S\/ 15 por [&hellip;]<\/p>\n","protected":false},"author":1,"featured_media":119,"parent":0,"menu_order":0,"comment_status":"closed","ping_status":"closed","template":"","meta":{"footnotes":""},"class_list":["post-116","page","type-page","status-publish","has-post-thumbnail","hentry"],"_links":{"self":[{"href":"https:\/\/casapolska.com\/empresas\/wp-json\/wp\/v2\/pages\/116","targetHints":{"allow":["GET"]}}],"collection":[{"href":"https:\/\/casapolska.com\/empresas\/wp-json\/wp\/v2\/pages"}],"about":[{"href":"https:\/\/casapolska.com\/empresas\/wp-json\/wp\/v2\/types\/page"}],"author":[{"embeddable":true,"href":"https:\/\/casapolska.com\/empresas\/wp-json\/wp\/v2\/users\/1"}],"replies":[{"embeddable":true,"href":"https:\/\/casapolska.com\/empresas\/wp-json\/wp\/v2\/comments?post=116"}],"version-history":[{"count":4,"href":"https:\/\/casapolska.com\/empresas\/wp-json\/wp\/v2\/pages\/116\/revisions"}],"predecessor-version":[{"id":126,"href":"https:\/\/casapolska.com\/empresas\/wp-json\/wp\/v2\/pages\/116\/revisions\/126"}],"wp:featuredmedia":[{"embeddable":true,"href":"https:\/\/casapolska.com\/empresas\/wp-json\/wp\/v2\/media\/119"}],"wp:attachment":[{"href":"https:\/\/casapolska.com\/empresas\/wp-json\/wp\/v2\/media?parent=116"}],"curies":[{"name":"wp","href":"https:\/\/api.w.org\/{rel}","templated":true}]}}